{"id":95,"date":"2025-06-05T18:02:38","date_gmt":"2025-06-05T18:02:38","guid":{"rendered":"https:\/\/pidubullerbys.ee\/?post_type=product&#038;p=95"},"modified":"2025-10-30T10:27:53","modified_gmt":"2025-10-30T10:27:53","slug":"pehme-natsukomm-15kg-sinine","status":"publish","type":"product","link":"https:\/\/pidubullerbys.ee\/en\/pehme-natsukomm-15kg-sinine\/","title":{"rendered":"Pehme n\u00e4tsukomm 1,5kg sinine"},"content":{"rendered":"<p><span style=\"color: #000000;\"><strong>PEHME N\u00c4TSUKOMM sinine<\/strong><\/span><\/p>\n<p><span style=\"color: #000000;\">*Gluteenivaba<\/span><\/p>\n<p><span style=\"color: #000000;\"><strong>\u00a0<\/strong><\/span><span style=\"color: #000000;\">DOSEERIMINE:<\/span><\/p>\n<p>1 KG + 2.7 l vett<\/p>","protected":false},"excerpt":{"rendered":"<h4>Kogus pakis 1,5kg<\/h4>\n<p>N\u00e4tsukommi- maitseline pehme j\u00e4\u00e4tis. J\u00e4\u00e4tis on sinist v\u00e4rvi ja on alternatiiv t\u00fcdrukute pidudel hitiks kujunenud roosa n\u00e4tsukommi pehme j\u00e4\u00e4tisele. N\u00fc\u00fcd saavad ka poisid n\u00e4tsukommi &#8211; maitselisest j\u00e4\u00e4tisest r\u00f5\u00f5mu tunda.<\/p>\n<p>*Gluteenivaba<\/p>","protected":false},"featured_media":147,"comment_status":"closed","ping_status":"closed","template":"","meta":{"_et_pb_use_builder":"","_et_pb_old_content":"","_et_gb_content_width":""},"product_brand":[66],"product_cat":[47,41,17,45],"product_tag":[27,18,19,21],"class_list":{"0":"post-95","1":"product","2":"type-product","3":"status-publish","4":"has-post-thumbnail","6":"product_brand-rubicone","7":"product_cat-gluteenivaba","8":"product_cat-klassika","9":"product_cat-pehmejaatis","10":"product_cat-eriline","11":"product_tag-gluteenivaba","12":"product_tag-jaatisepulbrid","13":"product_tag-jaatisesegud","14":"product_tag-pehme-jaatisesegud","16":"first","17":"instock","18":"featured","19":"taxable","20":"shipping-taxable","21":"purchasable","22":"product-type-simple"},"jetpack_sharing_enabled":true,"_links":{"self":[{"href":"https:\/\/pidubullerbys.ee\/en\/wp-json\/wp\/v2\/product\/95","targetHints":{"allow":["GET"]}}],"collection":[{"href":"https:\/\/pidubullerbys.ee\/en\/wp-json\/wp\/v2\/product"}],"about":[{"href":"https:\/\/pidubullerbys.ee\/en\/wp-json\/wp\/v2\/types\/product"}],"replies":[{"embeddable":true,"href":"https:\/\/pidubullerbys.ee\/en\/wp-json\/wp\/v2\/comments?post=95"}],"wp:featuredmedia":[{"embeddable":true,"href":"https:\/\/pidubullerbys.ee\/en\/wp-json\/wp\/v2\/media\/147"}],"wp:attachment":[{"href":"https:\/\/pidubullerbys.ee\/en\/wp-json\/wp\/v2\/media?parent=95"}],"wp:term":[{"taxonomy":"product_brand","embeddable":true,"href":"https:\/\/pidubullerbys.ee\/en\/wp-json\/wp\/v2\/product_brand?post=95"},{"taxonomy":"product_cat","embeddable":true,"href":"https:\/\/pidubullerbys.ee\/en\/wp-json\/wp\/v2\/product_cat?post=95"},{"taxonomy":"product_tag","embeddable":true,"href":"https:\/\/pidubullerbys.ee\/en\/wp-json\/wp\/v2\/product_tag?post=95"}],"curies":[{"name":"wp","href":"https:\/\/api.w.org\/{rel}","templated":true}]}}