{"id":93,"date":"2025-06-05T18:02:38","date_gmt":"2025-06-05T18:02:38","guid":{"rendered":"https:\/\/pidubullerbys.ee\/?post_type=product&#038;p=93"},"modified":"2025-10-30T10:27:02","modified_gmt":"2025-10-30T10:27:02","slug":"pehme-soolakaramell-15-kg","status":"publish","type":"product","link":"https:\/\/pidubullerbys.ee\/en\/pehme-soolakaramell-15-kg\/","title":{"rendered":"Pehme soolakaramell 1,5 KG"},"content":{"rendered":"<p><span style=\"color: #000000;\"><strong>PEHME SOOLAKARAMELL<\/strong><\/span><\/p>\n<p>&nbsp;<\/p>\n<p><span style=\"color: #000000;\"><strong>*<\/strong><\/span><span style=\"color: #000000;\">Gluteenivaba<\/span><\/p>\n<p><span style=\"color: #000000;\">DOSEERIMINE:<\/span><\/p>\n<p><span style=\"color: #000000;\">1 KG + 2,7 l vett<\/span><\/p>","protected":false},"excerpt":{"rendered":"<h4>Kogus pakis 1,5 kg<\/h4>\n<p>T\u00f5eline hitt, soolakaramelli &#8211; maitseline j\u00e4\u00e4tisesegu<\/p>\n<p>* Gluteenivaba<\/p>\n<p>&nbsp;<\/p>","protected":false},"featured_media":142,"comment_status":"closed","ping_status":"closed","template":"","meta":{"_et_pb_use_builder":"","_et_pb_old_content":"","_et_gb_content_width":""},"product_brand":[66],"product_cat":[47,17,45],"product_tag":[27,18,19,21],"class_list":{"0":"post-93","1":"product","2":"type-product","3":"status-publish","4":"has-post-thumbnail","6":"product_brand-rubicone","7":"product_cat-gluteenivaba","8":"product_cat-pehmejaatis","9":"product_cat-eriline","10":"product_tag-gluteenivaba","11":"product_tag-jaatisepulbrid","12":"product_tag-jaatisesegud","13":"product_tag-pehme-jaatisesegud","15":"first","16":"outofstock","17":"featured","18":"taxable","19":"shipping-taxable","20":"purchasable","21":"product-type-simple"},"jetpack_sharing_enabled":true,"_links":{"self":[{"href":"https:\/\/pidubullerbys.ee\/en\/wp-json\/wp\/v2\/product\/93","targetHints":{"allow":["GET"]}}],"collection":[{"href":"https:\/\/pidubullerbys.ee\/en\/wp-json\/wp\/v2\/product"}],"about":[{"href":"https:\/\/pidubullerbys.ee\/en\/wp-json\/wp\/v2\/types\/product"}],"replies":[{"embeddable":true,"href":"https:\/\/pidubullerbys.ee\/en\/wp-json\/wp\/v2\/comments?post=93"}],"wp:featuredmedia":[{"embeddable":true,"href":"https:\/\/pidubullerbys.ee\/en\/wp-json\/wp\/v2\/media\/142"}],"wp:attachment":[{"href":"https:\/\/pidubullerbys.ee\/en\/wp-json\/wp\/v2\/media?parent=93"}],"wp:term":[{"taxonomy":"product_brand","embeddable":true,"href":"https:\/\/pidubullerbys.ee\/en\/wp-json\/wp\/v2\/product_brand?post=93"},{"taxonomy":"product_cat","embeddable":true,"href":"https:\/\/pidubullerbys.ee\/en\/wp-json\/wp\/v2\/product_cat?post=93"},{"taxonomy":"product_tag","embeddable":true,"href":"https:\/\/pidubullerbys.ee\/en\/wp-json\/wp\/v2\/product_tag?post=93"}],"curies":[{"name":"wp","href":"https:\/\/api.w.org\/{rel}","templated":true}]}}