{"id":88,"date":"2025-06-05T18:02:37","date_gmt":"2025-06-05T18:02:37","guid":{"rendered":"https:\/\/pidubullerbys.ee\/?post_type=product&#038;p=88"},"modified":"2025-10-30T10:39:04","modified_gmt":"2025-10-30T10:39:04","slug":"pehme-apelsini-sorbett-125-kg","status":"publish","type":"product","link":"https:\/\/pidubullerbys.ee\/en\/pehme-apelsini-sorbett-125-kg\/","title":{"rendered":"Pehme apelsini sorbett 1,25 KG"},"content":{"rendered":"<p><strong>PEHME APELSINI SORBETT<\/strong><\/p>\n<p>KOOSTISOSAD: SAHHAROOS, KUIVATATUD GL\u00dcKOOS, DEKSTROOS, H\u00dcDROGEENIMATA TAIMSED RASVAD (KOOKOSP\u00c4HKEL), KUIVATATUD APLESINI MAHL, SIDRUNHAPE, STABILAATORID: E401, E405, E412, E466, V\u00c4RVID: E160a, MAGUS KARTULI EKSTRAKT, EMULGAATOR: E471, MAITSED: SOOL.<\/p>\n<p><strong>V\u00d5IB SISALDADA V\u00c4HESEL M\u00c4\u00c4RAL PIIMA, SOJA.<\/strong><\/p>\n<p>*Gluteenivaba<\/p>\n<p>*Laktoosivaba<\/p>\n<p>*Vegan<\/p>\n<p><span style=\"color: #000000;\">DOSEERIMINE:<\/span><\/p>\n<p>1 KG + 2,7 l vett<\/p>","protected":false},"excerpt":{"rendered":"<h4>Kogus pakis 1,25 KG<\/h4>\n<p>Apelsini pehme sorbett<\/p>\n<p>*Gluteenivaba<\/p>\n<p>*Laktoosivaba<\/p>\n<p>*Vegan<\/p>","protected":false},"featured_media":133,"comment_status":"closed","ping_status":"closed","template":"","meta":{"_et_pb_use_builder":"","_et_pb_old_content":"","_et_gb_content_width":""},"product_brand":[66],"product_cat":[47,17,43,44,42],"product_tag":[27,18,19,28,21,30],"class_list":{"0":"post-88","1":"product","2":"type-product","3":"status-publish","4":"has-post-thumbnail","6":"product_brand-rubicone","7":"product_cat-gluteenivaba","8":"product_cat-pehmejaatis","9":"product_cat-laktoosivaba","10":"product_cat-sorbetid","11":"product_cat-vegan","12":"product_tag-gluteenivaba","13":"product_tag-jaatisepulbrid","14":"product_tag-jaatisesegud","15":"product_tag-laktoosivaba","16":"product_tag-pehme-jaatisesegud","17":"product_tag-vegan","19":"first","20":"outofstock","21":"featured","22":"taxable","23":"shipping-taxable","24":"purchasable","25":"product-type-simple"},"jetpack_sharing_enabled":true,"_links":{"self":[{"href":"https:\/\/pidubullerbys.ee\/en\/wp-json\/wp\/v2\/product\/88","targetHints":{"allow":["GET"]}}],"collection":[{"href":"https:\/\/pidubullerbys.ee\/en\/wp-json\/wp\/v2\/product"}],"about":[{"href":"https:\/\/pidubullerbys.ee\/en\/wp-json\/wp\/v2\/types\/product"}],"replies":[{"embeddable":true,"href":"https:\/\/pidubullerbys.ee\/en\/wp-json\/wp\/v2\/comments?post=88"}],"wp:featuredmedia":[{"embeddable":true,"href":"https:\/\/pidubullerbys.ee\/en\/wp-json\/wp\/v2\/media\/133"}],"wp:attachment":[{"href":"https:\/\/pidubullerbys.ee\/en\/wp-json\/wp\/v2\/media?parent=88"}],"wp:term":[{"taxonomy":"product_brand","embeddable":true,"href":"https:\/\/pidubullerbys.ee\/en\/wp-json\/wp\/v2\/product_brand?post=88"},{"taxonomy":"product_cat","embeddable":true,"href":"https:\/\/pidubullerbys.ee\/en\/wp-json\/wp\/v2\/product_cat?post=88"},{"taxonomy":"product_tag","embeddable":true,"href":"https:\/\/pidubullerbys.ee\/en\/wp-json\/wp\/v2\/product_tag?post=88"}],"curies":[{"name":"wp","href":"https:\/\/api.w.org\/{rel}","templated":true}]}}