{"id":85,"date":"2025-06-05T18:02:37","date_gmt":"2025-06-05T18:02:37","guid":{"rendered":"https:\/\/pidubullerbys.ee\/?post_type=product&#038;p=85"},"modified":"2025-08-04T18:30:34","modified_gmt":"2025-08-04T18:30:34","slug":"pehme-pistaatsia-165kg","status":"publish","type":"product","link":"https:\/\/pidubullerbys.ee\/en\/pehme-pistaatsia-165kg\/","title":{"rendered":"Pehme pistaatsia 1,65kg"},"content":{"rendered":"<p><span style=\"color: #000000;\"><strong>PEHME PISTAATSIA<\/strong><\/span><\/p>\n<p>KOOSTISOSAD: SAHHAROOS, H\u00dcDROGEENIMATA TAIMSED RASVAD (KOOKOSP\u00c4HKEL),<strong> PIIMAPULBER<\/strong>, GL\u00dcKOOS, V\u00c4RVID: E141, E100, STABILAATORID: E401, E417, E466, KAKAOPULBER, EMULGAATORID: E472a, E471, MAITSED: SOOL.<\/p>\n<p><strong>V\u00d5IB SISALDADA V\u00c4HESEL M\u00c4\u00c4RAL SOJA.<\/strong><\/p>\n<p>Unikaalne toode, sest sisaldab puhast pistaatsia jahu<\/p>\n<p>*Gluteenivaba<\/p>\n<p><span style=\"color: #000000;\"><strong>\u00a0<\/strong><\/span><span style=\"color: #000000;\">DOSEERIMINE:<\/span><\/p>\n<p>1,2 KG + 2.2 l vett<\/p>","protected":false},"excerpt":{"rendered":"<h4>Kogus pakis 1,65 KG<\/h4>\n<p>Pistaatsia pehme j\u00e4\u00e4tis. Unikaalne toode, sest sisaldab puhast pistaatsia jahu<\/p>\n<p>*Gluteenivaba<\/p>\n<p><img loading=\"lazy\" decoding=\"async\" class=\"size-full wp-image-5775 alignleft\" src=\"https:\/\/pidubullerbys.ee\/wp-content\/uploads\/2020\/12\/100.jpg\" alt=\"\" width=\"100\" height=\"100\" \/> <img loading=\"lazy\" decoding=\"async\" class=\"size-full wp-image-5778 alignleft\" src=\"https:\/\/pidubullerbys.ee\/wp-content\/uploads\/2020\/12\/100-3.jpg\" alt=\"\" width=\"100\" height=\"100\" \/> <img loading=\"lazy\" decoding=\"async\" class=\"size-full wp-image-5779 alignleft\" src=\"https:\/\/pidubullerbys.ee\/wp-content\/uploads\/2020\/12\/100-4.jpg\" alt=\"\" width=\"241\" height=\"100\" \/><\/p>\n<p>&nbsp;<\/p>\n<p>&nbsp;<\/p>\n<p>&nbsp;<\/p>","protected":false},"featured_media":124,"comment_status":"closed","ping_status":"closed","template":"","meta":{"_et_pb_use_builder":"","_et_pb_old_content":"","_et_gb_content_width":""},"product_brand":[],"product_cat":[47,17,45],"product_tag":[18,19,21],"class_list":{"0":"post-85","1":"product","2":"type-product","3":"status-publish","4":"has-post-thumbnail","6":"product_cat-gluteenivaba","7":"product_cat-pehmejaatis","8":"product_cat-eriline","9":"product_tag-jaatisepulbrid","10":"product_tag-jaatisesegud","11":"product_tag-pehme-jaatisesegud","13":"first","14":"outofstock","15":"featured","16":"taxable","17":"shipping-taxable","18":"purchasable","19":"product-type-simple"},"jetpack_sharing_enabled":true,"_links":{"self":[{"href":"https:\/\/pidubullerbys.ee\/en\/wp-json\/wp\/v2\/product\/85","targetHints":{"allow":["GET"]}}],"collection":[{"href":"https:\/\/pidubullerbys.ee\/en\/wp-json\/wp\/v2\/product"}],"about":[{"href":"https:\/\/pidubullerbys.ee\/en\/wp-json\/wp\/v2\/types\/product"}],"replies":[{"embeddable":true,"href":"https:\/\/pidubullerbys.ee\/en\/wp-json\/wp\/v2\/comments?post=85"}],"wp:featuredmedia":[{"embeddable":true,"href":"https:\/\/pidubullerbys.ee\/en\/wp-json\/wp\/v2\/media\/124"}],"wp:attachment":[{"href":"https:\/\/pidubullerbys.ee\/en\/wp-json\/wp\/v2\/media?parent=85"}],"wp:term":[{"taxonomy":"product_brand","embeddable":true,"href":"https:\/\/pidubullerbys.ee\/en\/wp-json\/wp\/v2\/product_brand?post=85"},{"taxonomy":"product_cat","embeddable":true,"href":"https:\/\/pidubullerbys.ee\/en\/wp-json\/wp\/v2\/product_cat?post=85"},{"taxonomy":"product_tag","embeddable":true,"href":"https:\/\/pidubullerbys.ee\/en\/wp-json\/wp\/v2\/product_tag?post=85"}],"curies":[{"name":"wp","href":"https:\/\/api.w.org\/{rel}","templated":true}]}}