{"id":84,"date":"2025-06-05T18:02:37","date_gmt":"2025-06-05T18:02:37","guid":{"rendered":"https:\/\/pidubullerbys.ee\/?post_type=product&#038;p=84"},"modified":"2025-10-30T10:40:49","modified_gmt":"2025-10-30T10:40:49","slug":"pehme-vanilje-15kg","status":"publish","type":"product","link":"https:\/\/pidubullerbys.ee\/en\/pehme-vanilje-15kg\/","title":{"rendered":"Pehme vanilje 1,5kg"},"content":{"rendered":"<p style=\"padding-left: 40px;\"><span style=\"color: #000000;\"><strong>PEHME VANILJE<\/strong><\/span><\/p>\n<p>KOOSTISOSAD: SAHHAROOS, <strong>PIIMAPULBER<\/strong>, H\u00dcDROGEENIMATA TAIMSED RASVAD (KOOKOSP\u00c4HKEL), STABILAATOR: E412, EMULGAATOR: E471, MAITSED: SOOL.<\/p>\n<p><strong>V\u00d5IB SISALDADA V\u00c4HESEL M\u00c4\u00c4RAL SOJA.<\/strong><\/p>\n<p><span style=\"color: #000000;\"><strong>*<\/strong><\/span><span style=\"color: #000000;\">Gluteenivaba<\/span><\/p>\n<p><span style=\"color: #000000;\">DOSEERIMINE:<\/span><\/p>\n<p><span style=\"color: #000000;\">1 KG + 2,5 l vett<\/span><\/p>","protected":false},"excerpt":{"rendered":"<h4>Kogus pakis 1,5 kg<\/h4>\n<p><span style=\"color: #000000;\">Koorene ja m\u00f5nusa konsistentsiga ehtne vanilje pehme j\u00e4\u00e4tis<\/span><\/p>\n<p>* Gluteenivaba<\/p>","protected":false},"featured_media":122,"comment_status":"closed","ping_status":"closed","template":"","meta":{"_et_pb_use_builder":"","_et_pb_old_content":"","_et_gb_content_width":""},"product_brand":[66],"product_cat":[47,41,17],"product_tag":[27,18,19,21],"class_list":{"0":"post-84","1":"product","2":"type-product","3":"status-publish","4":"has-post-thumbnail","6":"product_brand-rubicone","7":"product_cat-gluteenivaba","8":"product_cat-klassika","9":"product_cat-pehmejaatis","10":"product_tag-gluteenivaba","11":"product_tag-jaatisepulbrid","12":"product_tag-jaatisesegud","13":"product_tag-pehme-jaatisesegud","15":"first","16":"outofstock","17":"featured","18":"taxable","19":"shipping-taxable","20":"purchasable","21":"product-type-simple"},"jetpack_sharing_enabled":true,"_links":{"self":[{"href":"https:\/\/pidubullerbys.ee\/en\/wp-json\/wp\/v2\/product\/84","targetHints":{"allow":["GET"]}}],"collection":[{"href":"https:\/\/pidubullerbys.ee\/en\/wp-json\/wp\/v2\/product"}],"about":[{"href":"https:\/\/pidubullerbys.ee\/en\/wp-json\/wp\/v2\/types\/product"}],"replies":[{"embeddable":true,"href":"https:\/\/pidubullerbys.ee\/en\/wp-json\/wp\/v2\/comments?post=84"}],"wp:featuredmedia":[{"embeddable":true,"href":"https:\/\/pidubullerbys.ee\/en\/wp-json\/wp\/v2\/media\/122"}],"wp:attachment":[{"href":"https:\/\/pidubullerbys.ee\/en\/wp-json\/wp\/v2\/media?parent=84"}],"wp:term":[{"taxonomy":"product_brand","embeddable":true,"href":"https:\/\/pidubullerbys.ee\/en\/wp-json\/wp\/v2\/product_brand?post=84"},{"taxonomy":"product_cat","embeddable":true,"href":"https:\/\/pidubullerbys.ee\/en\/wp-json\/wp\/v2\/product_cat?post=84"},{"taxonomy":"product_tag","embeddable":true,"href":"https:\/\/pidubullerbys.ee\/en\/wp-json\/wp\/v2\/product_tag?post=84"}],"curies":[{"name":"wp","href":"https:\/\/api.w.org\/{rel}","templated":true}]}}