{"id":83,"date":"2025-06-05T18:02:37","date_gmt":"2025-06-05T18:02:37","guid":{"rendered":"https:\/\/pidubullerbys.ee\/?post_type=product&#038;p=83"},"modified":"2025-10-30T10:36:52","modified_gmt":"2025-10-30T10:36:52","slug":"pehme-sokolaaditukkidega-rummi-sokolaadi-19kg","status":"publish","type":"product","link":"https:\/\/pidubullerbys.ee\/en\/pehme-sokolaaditukkidega-rummi-sokolaadi-19kg\/","title":{"rendered":"Pehme \u0161okolaadit\u00fckkidega rummi-\u0161okolaadi 1,9kg"},"content":{"rendered":"<p><a href=\"http:\/\/www.pidubullerbys.ee\/jaatisesegud\"><strong>PEHME \u0160OKOLAADIT\u00dcKKIDEGA RUMMI-\u0160OKOLAADI <\/strong><\/a><\/p>\n<p>KOOSTISOSAD: SAHHAROOS, KAKAO, TUME \u0160OKOLAAD (kakaomass, suhkur, kakaov\u00f5i), EMULGAATOR: (<strong>sojaletsitiin<\/strong>, vanilje ekstrakt), DEKSTROOS, KAKAOMASS, MAITSE EMULGAATORID: E472b, E477, STABILISAATORID: E412, E466, SOOL.<\/p>\n<p><strong>V\u00d5IB SISALDADA V\u00c4HESEL M\u00c4\u00c4RAL P\u00c4HKLIT, PIIMA.<\/strong><\/p>\n<p>*Gluteenivaba<\/p>\n<p>*Laktoosivaba<\/p>\n<p>*Piima vaba<\/p>\n<p>*Vegan<\/p>\n<p><strong>DOSEERIMINE:<\/strong><\/p>\n<p>1,2 KG + 2,2 l vett<\/p>","protected":false},"excerpt":{"rendered":"<h4>Kogus pakis 1,9 KG<\/h4>\n<h4><strong><span style=\"color: #000000;\">1kg \/ 11,27\u20ac<\/span><\/strong><\/h4>\n<p>Tume \u0161okolaad ja kergelt rummi-maitseline<\/p>\n<p>(alkoholivaba)<\/p>\n<p>*Gluteenivaba<\/p>\n<p>*Laktoosivaba<\/p>\n<p>*Piima vaba<\/p>\n<p>*Vegan<\/p>","protected":false},"featured_media":117,"comment_status":"closed","ping_status":"closed","template":"","meta":{"_et_pb_use_builder":"","_et_pb_old_content":"","_et_gb_content_width":""},"product_brand":[66],"product_cat":[47,17,43,45,42],"product_tag":[70,27,28,68,69,67,23,30],"class_list":{"0":"post-83","1":"product","2":"type-product","3":"status-publish","4":"has-post-thumbnail","6":"product_brand-rubicone","7":"product_cat-gluteenivaba","8":"product_cat-pehmejaatis","9":"product_cat-laktoosivaba","10":"product_cat-eriline","11":"product_cat-vegan","12":"product_tag-alkoholivaba","13":"product_tag-gluteenivaba","14":"product_tag-laktoosivaba","15":"product_tag-piima-vaba","16":"product_tag-rubicone","17":"product_tag-rumm","18":"product_tag-sokolaad","19":"product_tag-vegan","21":"first","22":"instock","23":"featured","24":"taxable","25":"shipping-taxable","26":"purchasable","27":"product-type-simple"},"jetpack_sharing_enabled":true,"_links":{"self":[{"href":"https:\/\/pidubullerbys.ee\/en\/wp-json\/wp\/v2\/product\/83","targetHints":{"allow":["GET"]}}],"collection":[{"href":"https:\/\/pidubullerbys.ee\/en\/wp-json\/wp\/v2\/product"}],"about":[{"href":"https:\/\/pidubullerbys.ee\/en\/wp-json\/wp\/v2\/types\/product"}],"replies":[{"embeddable":true,"href":"https:\/\/pidubullerbys.ee\/en\/wp-json\/wp\/v2\/comments?post=83"}],"wp:featuredmedia":[{"embeddable":true,"href":"https:\/\/pidubullerbys.ee\/en\/wp-json\/wp\/v2\/media\/117"}],"wp:attachment":[{"href":"https:\/\/pidubullerbys.ee\/en\/wp-json\/wp\/v2\/media?parent=83"}],"wp:term":[{"taxonomy":"product_brand","embeddable":true,"href":"https:\/\/pidubullerbys.ee\/en\/wp-json\/wp\/v2\/product_brand?post=83"},{"taxonomy":"product_cat","embeddable":true,"href":"https:\/\/pidubullerbys.ee\/en\/wp-json\/wp\/v2\/product_cat?post=83"},{"taxonomy":"product_tag","embeddable":true,"href":"https:\/\/pidubullerbys.ee\/en\/wp-json\/wp\/v2\/product_tag?post=83"}],"curies":[{"name":"wp","href":"https:\/\/api.w.org\/{rel}","templated":true}]}}