{"id":82,"date":"2025-06-05T18:02:37","date_gmt":"2025-06-05T18:02:37","guid":{"rendered":"https:\/\/pidubullerbys.ee\/?post_type=product&#038;p=82"},"modified":"2025-10-30T10:35:59","modified_gmt":"2025-10-30T10:35:59","slug":"pehme-sokolaad-15kg","status":"publish","type":"product","link":"https:\/\/pidubullerbys.ee\/en\/pehme-sokolaad-15kg\/","title":{"rendered":"Pehme \u0161okolaad 1,5kg"},"content":{"rendered":"<p><strong>PEHME \u0160OKOLAAD<\/strong><\/p>\n<p>KOOSTISOSAD: SAHHAROOS, KAKAOPULBER, <strong>PIIMAPULBER<\/strong>, H\u00dcDROGEENIMATA TAIMSED RASVAD (KOOKOSP\u00c4HKEL), KUIVATATUD GL\u00dcKOOS, EMULGAATORID: E472b, E477, STABILAATORID: E401, E412, E466, MAITSED: SOOL.<\/p>\n<p><strong>V\u00d5IB SISALDADA V\u00c4HESEL M\u00c4\u00c4RAL P\u00c4HKLIT, SOJA.<\/strong><\/p>\n<p>*Gluteenivaba<\/p>\n<p><strong>DOSEERIMINE:<\/strong><\/p>\n<p>1 KG + 2,5 l vett<\/p>","protected":false},"excerpt":{"rendered":"<h4>Kogus pakis 1,5 KG<\/h4>\n<p>\u0160okolaadi pehme j\u00e4\u00e4tis.<\/p>\n<p>*Gluteenivaba<\/p>","protected":false},"featured_media":117,"comment_status":"closed","ping_status":"closed","template":"","meta":{"_et_pb_use_builder":"","_et_pb_old_content":"","_et_gb_content_width":""},"product_brand":[66],"product_cat":[47,41,17],"product_tag":[27,18,22,21,23],"class_list":{"0":"post-82","1":"product","2":"type-product","3":"status-publish","4":"has-post-thumbnail","6":"product_brand-rubicone","7":"product_cat-gluteenivaba","8":"product_cat-klassika","9":"product_cat-pehmejaatis","10":"product_tag-gluteenivaba","11":"product_tag-jaatisepulbrid","12":"product_tag-jaatisesegu","13":"product_tag-pehme-jaatisesegud","14":"product_tag-sokolaad","16":"first","17":"instock","18":"featured","19":"taxable","20":"shipping-taxable","21":"purchasable","22":"product-type-simple"},"jetpack_sharing_enabled":true,"_links":{"self":[{"href":"https:\/\/pidubullerbys.ee\/en\/wp-json\/wp\/v2\/product\/82","targetHints":{"allow":["GET"]}}],"collection":[{"href":"https:\/\/pidubullerbys.ee\/en\/wp-json\/wp\/v2\/product"}],"about":[{"href":"https:\/\/pidubullerbys.ee\/en\/wp-json\/wp\/v2\/types\/product"}],"replies":[{"embeddable":true,"href":"https:\/\/pidubullerbys.ee\/en\/wp-json\/wp\/v2\/comments?post=82"}],"wp:featuredmedia":[{"embeddable":true,"href":"https:\/\/pidubullerbys.ee\/en\/wp-json\/wp\/v2\/media\/117"}],"wp:attachment":[{"href":"https:\/\/pidubullerbys.ee\/en\/wp-json\/wp\/v2\/media?parent=82"}],"wp:term":[{"taxonomy":"product_brand","embeddable":true,"href":"https:\/\/pidubullerbys.ee\/en\/wp-json\/wp\/v2\/product_brand?post=82"},{"taxonomy":"product_cat","embeddable":true,"href":"https:\/\/pidubullerbys.ee\/en\/wp-json\/wp\/v2\/product_cat?post=82"},{"taxonomy":"product_tag","embeddable":true,"href":"https:\/\/pidubullerbys.ee\/en\/wp-json\/wp\/v2\/product_tag?post=82"}],"curies":[{"name":"wp","href":"https:\/\/api.w.org\/{rel}","templated":true}]}}