{"id":80,"date":"2025-06-05T18:02:37","date_gmt":"2025-06-05T18:02:37","guid":{"rendered":"https:\/\/pidubullerbys.ee\/?post_type=product&#038;p=80"},"modified":"2025-08-04T18:29:25","modified_gmt":"2025-08-04T18:29:25","slug":"pehme-must-hawaii-vegan-145kg","status":"publish","type":"product","link":"https:\/\/pidubullerbys.ee\/en\/pehme-must-hawaii-vegan-145kg\/","title":{"rendered":"Pehme must Hawaii vegan 1,45kg"},"content":{"rendered":"<p><span style=\"color: #000000;\"><strong>PEHME MUST HAWAII VEGAN<\/strong><\/span><\/p>\n<p>KOOSTISOSAD: SAHHAROOS, MALTODEKSTRIIN, DEKSTROOS, KAKAOPULBER, KOOKOSPIIMAPULBER, KUIVATATUD GL\u00dcKOOS, H\u00dcDROGEENIMATA TAIMSED RASVAD (KOOKOSP\u00c4HKEL), V\u00c4RVID: TAIMNE S\u00dcSI, EMULGAATORID: E471, E472a, E472b, E477, SOOL, MAITSE STABILAATORID: E417.<\/p>\n<p><strong>V\u00d5IB SISALDADA V\u00c4HESEL M\u00c4\u00c4RAL PIIMA, SOJA.<\/strong><\/p>\n<p>*Ainulaadne maitse &#8211; kookosvee ja toorkakaoubadega<\/p>\n<p>*Detox \u2013 aitab kehast v\u00e4lja viia m\u00fcrkaineid<\/p>\n<p>*Vegan<\/p>\n<p>*Laktoosivaba<\/p>\n<p>*Gluteenivaba<\/p>\n<p>Tootele ei ole lisatud rasvasid<\/p>\n<p><span style=\"color: #000000;\"><strong>\u00a0<\/strong><\/span><span style=\"color: #000000;\">DOSEERIMINE:<\/span><\/p>\n<p>1,0 KG + 2,5 l vett<\/p>","protected":false},"excerpt":{"rendered":"<h4>Kogus pakis 1,45 KG<\/h4>\n<p>Pehme Must Hawaii Vegan on valmis pulbrisegu, kuhu tuleb lisada vaid vett, et valmistada pehme j\u00e4\u00e4tist<br \/>\nNaturaalne must v\u00e4rvus t\u00e4nu taimsele s\u00fcsile<\/p>\n<p>*Detox \u2013 aitab kehast v\u00e4lja viia m\u00fcrkaineid<\/p>\n<p>*Vegan<\/p>\n<p>*Laktoosivaba<\/p>\n<p>*Gluteenivaba<\/p>\n<p>&nbsp;<\/p>\n<p><img loading=\"lazy\" decoding=\"async\" class=\"size-full wp-image-5775 alignleft\" src=\"https:\/\/pidubullerbys.ee\/wp-content\/uploads\/2020\/12\/100.jpg\" alt=\"\" width=\"100\" height=\"100\" \/> <img loading=\"lazy\" decoding=\"async\" class=\"size-full wp-image-5776 alignleft\" src=\"https:\/\/pidubullerbys.ee\/wp-content\/uploads\/2020\/12\/100-1.jpg\" alt=\"\" width=\"100\" height=\"100\" \/> <img loading=\"lazy\" decoding=\"async\" class=\"size-full wp-image-5777 alignleft\" src=\"https:\/\/pidubullerbys.ee\/wp-content\/uploads\/2020\/12\/100-2.jpg\" alt=\"\" width=\"100\" height=\"100\" \/> <img loading=\"lazy\" decoding=\"async\" class=\"size-full wp-image-5778 alignleft\" src=\"https:\/\/pidubullerbys.ee\/wp-content\/uploads\/2020\/12\/100-3.jpg\" alt=\"\" width=\"100\" height=\"100\" \/> <img loading=\"lazy\" decoding=\"async\" class=\"size-full wp-image-5779 alignleft\" src=\"https:\/\/pidubullerbys.ee\/wp-content\/uploads\/2020\/12\/100-4.jpg\" alt=\"\" width=\"241\" height=\"100\" \/><\/p>\n<p>&nbsp;<\/p>\n<p>&nbsp;<\/p>\n<p>&nbsp;<\/p>","protected":false},"featured_media":112,"comment_status":"closed","ping_status":"closed","template":"","meta":{"_et_pb_use_builder":"","_et_pb_old_content":"","_et_gb_content_width":""},"product_brand":[],"product_cat":[47,17,43,45,42],"product_tag":[18,19,20,21],"class_list":{"0":"post-80","1":"product","2":"type-product","3":"status-publish","4":"has-post-thumbnail","6":"product_cat-gluteenivaba","7":"product_cat-pehmejaatis","8":"product_cat-laktoosivaba","9":"product_cat-eriline","10":"product_cat-vegan","11":"product_tag-jaatisepulbrid","12":"product_tag-jaatisesegud","13":"product_tag-must-jaatis","14":"product_tag-pehme-jaatisesegud","16":"first","17":"instock","18":"taxable","19":"shipping-taxable","20":"purchasable","21":"product-type-simple"},"jetpack_sharing_enabled":true,"_links":{"self":[{"href":"https:\/\/pidubullerbys.ee\/en\/wp-json\/wp\/v2\/product\/80","targetHints":{"allow":["GET"]}}],"collection":[{"href":"https:\/\/pidubullerbys.ee\/en\/wp-json\/wp\/v2\/product"}],"about":[{"href":"https:\/\/pidubullerbys.ee\/en\/wp-json\/wp\/v2\/types\/product"}],"replies":[{"embeddable":true,"href":"https:\/\/pidubullerbys.ee\/en\/wp-json\/wp\/v2\/comments?post=80"}],"wp:featuredmedia":[{"embeddable":true,"href":"https:\/\/pidubullerbys.ee\/en\/wp-json\/wp\/v2\/media\/112"}],"wp:attachment":[{"href":"https:\/\/pidubullerbys.ee\/en\/wp-json\/wp\/v2\/media?parent=80"}],"wp:term":[{"taxonomy":"product_brand","embeddable":true,"href":"https:\/\/pidubullerbys.ee\/en\/wp-json\/wp\/v2\/product_brand?post=80"},{"taxonomy":"product_cat","embeddable":true,"href":"https:\/\/pidubullerbys.ee\/en\/wp-json\/wp\/v2\/product_cat?post=80"},{"taxonomy":"product_tag","embeddable":true,"href":"https:\/\/pidubullerbys.ee\/en\/wp-json\/wp\/v2\/product_tag?post=80"}],"curies":[{"name":"wp","href":"https:\/\/api.w.org\/{rel}","templated":true}]}}