{"id":79,"date":"2025-06-05T18:02:37","date_gmt":"2025-06-05T18:02:37","guid":{"rendered":"https:\/\/pidubullerbys.ee\/?post_type=product&#038;p=79"},"modified":"2025-08-04T18:28:53","modified_gmt":"2025-08-04T18:28:53","slug":"pehme-natsukomm-12kg-roosa","status":"publish","type":"product","link":"https:\/\/pidubullerbys.ee\/en\/pehme-natsukomm-12kg-roosa\/","title":{"rendered":"Pehme n\u00e4tsukomm 1,2kg roosa"},"content":{"rendered":"<p><span style=\"color: #000000;\"><strong>PEHME N\u00c4TSUKOMM<\/strong><\/span><\/p>\n<p>KOOSTISOSAD: SAHHAROOS,<strong> PIIMAPULBER<\/strong>, H\u00dcDROGEENIMATA TAIMSED RASVAD (KOOKOSP\u00c4HKEL), MALTODEKSTRIIN, DEKSTROOS, KUIVATATUD GL\u00dcKOOS, EMULGAATORID: E471, E472a, MAITSE STABILAATORID: E412, E417, E466, HAPE: SIDRUNHAPE, V\u00c4RV: MAGUS KARTULI EKSTRAKT, SOOL.<\/p>\n<p><strong>V\u00d5IB SISALDADA V\u00c4HESEL M\u00c4\u00c4RAL SOJA.<\/strong><\/p>\n<p><span style=\"color: #000000;\">*Gluteenivaba<\/span><\/p>\n<p><span style=\"color: #000000;\"><strong>\u00a0<\/strong><\/span><span style=\"color: #000000;\">DOSEERIMINE:<\/span><\/p>\n<p>1 KG + 2.8 l piima<\/p>","protected":false},"excerpt":{"rendered":"<h4>Kogus pakis 1,2kg<\/h4>\n<p>N\u00e4tsukommi-maitseline pehme j\u00e4\u00e4tis<\/p>\n<p>*Gluteenivaba<\/p>\n<p><img loading=\"lazy\" decoding=\"async\" class=\"size-full wp-image-5775 alignleft\" src=\"https:\/\/pidubullerbys.ee\/wp-content\/uploads\/2020\/12\/100.jpg\" alt=\"\" width=\"100\" height=\"100\" \/> <img loading=\"lazy\" decoding=\"async\" class=\"size-full wp-image-5778 alignleft\" src=\"https:\/\/pidubullerbys.ee\/wp-content\/uploads\/2020\/12\/100-3.jpg\" alt=\"\" width=\"100\" height=\"100\" \/> <img loading=\"lazy\" decoding=\"async\" class=\"size-full wp-image-5779 alignleft\" src=\"https:\/\/pidubullerbys.ee\/wp-content\/uploads\/2020\/12\/100-4.jpg\" alt=\"\" width=\"241\" height=\"100\" \/><\/p>\n<p>&nbsp;<\/p>\n<p>&nbsp;<\/p>","protected":false},"featured_media":109,"comment_status":"closed","ping_status":"closed","template":"","meta":{"_et_pb_use_builder":"","_et_pb_old_content":"","_et_gb_content_width":""},"product_brand":[],"product_cat":[47,41,17,45],"product_tag":[],"class_list":{"0":"post-79","1":"product","2":"type-product","3":"status-publish","4":"has-post-thumbnail","6":"product_cat-gluteenivaba","7":"product_cat-klassika","8":"product_cat-pehmejaatis","9":"product_cat-eriline","11":"first","12":"instock","13":"featured","14":"taxable","15":"shipping-taxable","16":"purchasable","17":"product-type-simple"},"jetpack_sharing_enabled":true,"_links":{"self":[{"href":"https:\/\/pidubullerbys.ee\/en\/wp-json\/wp\/v2\/product\/79","targetHints":{"allow":["GET"]}}],"collection":[{"href":"https:\/\/pidubullerbys.ee\/en\/wp-json\/wp\/v2\/product"}],"about":[{"href":"https:\/\/pidubullerbys.ee\/en\/wp-json\/wp\/v2\/types\/product"}],"replies":[{"embeddable":true,"href":"https:\/\/pidubullerbys.ee\/en\/wp-json\/wp\/v2\/comments?post=79"}],"wp:featuredmedia":[{"embeddable":true,"href":"https:\/\/pidubullerbys.ee\/en\/wp-json\/wp\/v2\/media\/109"}],"wp:attachment":[{"href":"https:\/\/pidubullerbys.ee\/en\/wp-json\/wp\/v2\/media?parent=79"}],"wp:term":[{"taxonomy":"product_brand","embeddable":true,"href":"https:\/\/pidubullerbys.ee\/en\/wp-json\/wp\/v2\/product_brand?post=79"},{"taxonomy":"product_cat","embeddable":true,"href":"https:\/\/pidubullerbys.ee\/en\/wp-json\/wp\/v2\/product_cat?post=79"},{"taxonomy":"product_tag","embeddable":true,"href":"https:\/\/pidubullerbys.ee\/en\/wp-json\/wp\/v2\/product_tag?post=79"}],"curies":[{"name":"wp","href":"https:\/\/api.w.org\/{rel}","templated":true}]}}