{"id":131,"date":"2025-06-05T18:03:01","date_gmt":"2025-06-05T18:03:01","guid":{"rendered":"https:\/\/pidubullerbys.ee\/?post_type=product&#038;p=131"},"modified":"2025-10-30T10:24:22","modified_gmt":"2025-10-30T10:24:22","slug":"pehme-piparmundi-15kg","status":"publish","type":"product","link":"https:\/\/pidubullerbys.ee\/en\/pehme-piparmundi-15kg\/","title":{"rendered":"Pehme piparm\u00fcndi 1,5kg"},"content":{"rendered":"<p><span style=\"color: #000000;\"><strong>PEHME PIPARM\u00dcNDI J\u00c4\u00c4TISESEGU &#8211; PRODOTTI RUBICONE<\/strong><\/span><\/p>\n<p>&nbsp;<\/p>\n<p><span style=\"color: #000000;\"><strong>* <\/strong><\/span><span style=\"color: #000000;\">Gluteenivaba<\/span><\/p>\n<p>&nbsp;<\/p>\n<p><span style=\"color: #000000;\">DOSEERIMINE:<br \/>\n<\/span><span style=\"color: #000000;\">1 KG + 2,5 l vett<\/span><\/p>\n<div class=\"title_nutritional_table\"><\/div>\n<div class=\"table_nutritional_wrapper\">\n<div class=\"value_nutritional\"><\/div>\n<\/div>\n<p><a href=\"https:\/\/pidubullerbys.ee\/broneerimine\/\">J\u00e4\u00e4tisemasina saad broneerida siit<\/a><br \/>\n<a href=\"https:\/\/www.facebook.com\/pidubullerbys\" target=\"_blank\" rel=\"noopener\">Vaata meie tegemisi ka facebookist<\/a><\/p>","protected":false},"excerpt":{"rendered":"<p>&nbsp;<\/p>\n<h4>Kogus pakis 1,5 kg<\/h4>\n<p>* Gluteenivaba<\/p>\n<p>DOSEERIMINE:<br \/>\n1 KG + 2,5 l vett<\/p>\n<p><a href=\"https:\/\/pidubullerbys.ee\/broneerimine\">J\u00e4\u00e4tisemasina saad broneerida siit<\/a><\/p>","protected":false},"featured_media":174,"comment_status":"closed","ping_status":"closed","template":"","meta":{"_et_pb_use_builder":"","_et_pb_old_content":"","_et_gb_content_width":""},"product_brand":[66],"product_cat":[47,17,45],"product_tag":[27,18,19,39,21,40],"class_list":{"0":"post-131","1":"product","2":"type-product","3":"status-publish","4":"has-post-thumbnail","6":"product_brand-rubicone","7":"product_cat-gluteenivaba","8":"product_cat-pehmejaatis","9":"product_cat-eriline","10":"product_tag-gluteenivaba","11":"product_tag-jaatisepulbrid","12":"product_tag-jaatisesegud","13":"product_tag-mint","14":"product_tag-pehme-jaatisesegud","15":"product_tag-piparmunt","17":"first","18":"instock","19":"featured","20":"taxable","21":"shipping-taxable","22":"purchasable","23":"product-type-simple"},"jetpack_sharing_enabled":true,"_links":{"self":[{"href":"https:\/\/pidubullerbys.ee\/en\/wp-json\/wp\/v2\/product\/131","targetHints":{"allow":["GET"]}}],"collection":[{"href":"https:\/\/pidubullerbys.ee\/en\/wp-json\/wp\/v2\/product"}],"about":[{"href":"https:\/\/pidubullerbys.ee\/en\/wp-json\/wp\/v2\/types\/product"}],"replies":[{"embeddable":true,"href":"https:\/\/pidubullerbys.ee\/en\/wp-json\/wp\/v2\/comments?post=131"}],"wp:featuredmedia":[{"embeddable":true,"href":"https:\/\/pidubullerbys.ee\/en\/wp-json\/wp\/v2\/media\/174"}],"wp:attachment":[{"href":"https:\/\/pidubullerbys.ee\/en\/wp-json\/wp\/v2\/media?parent=131"}],"wp:term":[{"taxonomy":"product_brand","embeddable":true,"href":"https:\/\/pidubullerbys.ee\/en\/wp-json\/wp\/v2\/product_brand?post=131"},{"taxonomy":"product_cat","embeddable":true,"href":"https:\/\/pidubullerbys.ee\/en\/wp-json\/wp\/v2\/product_cat?post=131"},{"taxonomy":"product_tag","embeddable":true,"href":"https:\/\/pidubullerbys.ee\/en\/wp-json\/wp\/v2\/product_tag?post=131"}],"curies":[{"name":"wp","href":"https:\/\/api.w.org\/{rel}","templated":true}]}}