{"id":105,"date":"2025-06-05T18:02:38","date_gmt":"2025-06-05T18:02:38","guid":{"rendered":"https:\/\/pidubullerbys.ee\/?post_type=product&#038;p=105"},"modified":"2025-10-30T10:33:46","modified_gmt":"2025-10-30T10:33:46","slug":"pehme-vanilje-vegan-15kg","status":"publish","type":"product","link":"https:\/\/pidubullerbys.ee\/en\/pehme-vanilje-vegan-15kg\/","title":{"rendered":"Pehme vanilje vegan 1,5kg"},"content":{"rendered":"<p><span style=\"color: #000000;\"><strong>PEHME VANILJE VEGAN J\u00c4\u00c4TISESEGU &#8211; PRODOTTI RUBICONE<\/strong><\/span><\/p>\n<p><strong>V\u00d5IB SISALDADA V\u00c4HESEL M\u00c4\u00c4RAL SOJA!<\/strong><\/p>\n<p><span style=\"color: #000000;\"><strong>* <\/strong><\/span><span style=\"color: #000000;\">Gluteenivaba<br \/>\n<\/span>* Vegan<\/p>\n<p><span style=\"color: #000000;\">DOSEERIMINE:<br \/>\n<\/span><span style=\"color: #000000;\">1 KG + 2,5 l vett<\/span><\/p>\n<p><a href=\"https:\/\/pidubullerbys.ee\/broneerimine\/\">J\u00e4\u00e4tisemasina saad broneerida siit<\/a><br \/>\n<a href=\"https:\/\/www.facebook.com\/pidubullerbys\" target=\"_blank\" rel=\"noopener\">Vaata meie tegemisi ka facebookist<\/a><\/p>","protected":false},"excerpt":{"rendered":"<h4>Kogus pakis 1,5 kg<\/h4>\n<p><span style=\"color: #000000;\">Koorene ja m\u00f5nusa konsistentsiga vegan vanilje pehme j\u00e4\u00e4tis<\/span><\/p>\n<p>* Gluteenivaba<br \/>\n* Vegan<\/p>\n<p>DOSEERIMINE:<br \/>\n1 KG + 2,5 l vett<\/p>\n<p><a href=\"https:\/\/pidubullerbys.ee\/broneerimine\">J\u00e4\u00e4tisemasina saad broneerida siit<\/a><\/p>","protected":false},"featured_media":167,"comment_status":"closed","ping_status":"closed","template":"","meta":{"_et_pb_use_builder":"","_et_pb_old_content":"","_et_gb_content_width":""},"product_brand":[66],"product_cat":[47,41,17,43,42],"product_tag":[27,18,19,28,21,29,30],"class_list":{"0":"post-105","1":"product","2":"type-product","3":"status-publish","4":"has-post-thumbnail","6":"product_brand-rubicone","7":"product_cat-gluteenivaba","8":"product_cat-klassika","9":"product_cat-pehmejaatis","10":"product_cat-laktoosivaba","11":"product_cat-vegan","12":"product_tag-gluteenivaba","13":"product_tag-jaatisepulbrid","14":"product_tag-jaatisesegud","15":"product_tag-laktoosivaba","16":"product_tag-pehme-jaatisesegud","17":"product_tag-vanilje","18":"product_tag-vegan","20":"first","21":"outofstock","22":"featured","23":"taxable","24":"shipping-taxable","25":"purchasable","26":"product-type-simple"},"jetpack_sharing_enabled":true,"_links":{"self":[{"href":"https:\/\/pidubullerbys.ee\/en\/wp-json\/wp\/v2\/product\/105","targetHints":{"allow":["GET"]}}],"collection":[{"href":"https:\/\/pidubullerbys.ee\/en\/wp-json\/wp\/v2\/product"}],"about":[{"href":"https:\/\/pidubullerbys.ee\/en\/wp-json\/wp\/v2\/types\/product"}],"replies":[{"embeddable":true,"href":"https:\/\/pidubullerbys.ee\/en\/wp-json\/wp\/v2\/comments?post=105"}],"wp:featuredmedia":[{"embeddable":true,"href":"https:\/\/pidubullerbys.ee\/en\/wp-json\/wp\/v2\/media\/167"}],"wp:attachment":[{"href":"https:\/\/pidubullerbys.ee\/en\/wp-json\/wp\/v2\/media?parent=105"}],"wp:term":[{"taxonomy":"product_brand","embeddable":true,"href":"https:\/\/pidubullerbys.ee\/en\/wp-json\/wp\/v2\/product_brand?post=105"},{"taxonomy":"product_cat","embeddable":true,"href":"https:\/\/pidubullerbys.ee\/en\/wp-json\/wp\/v2\/product_cat?post=105"},{"taxonomy":"product_tag","embeddable":true,"href":"https:\/\/pidubullerbys.ee\/en\/wp-json\/wp\/v2\/product_tag?post=105"}],"curies":[{"name":"wp","href":"https:\/\/api.w.org\/{rel}","templated":true}]}}