{"id":104,"date":"2025-06-05T18:02:38","date_gmt":"2025-06-05T18:02:38","guid":{"rendered":"https:\/\/pidubullerbys.ee\/?post_type=product&#038;p=104"},"modified":"2025-10-30T10:32:57","modified_gmt":"2025-10-30T10:32:57","slug":"pehme-maasika-jaatis-15kg","status":"publish","type":"product","link":"https:\/\/pidubullerbys.ee\/en\/pehme-maasika-jaatis-15kg\/","title":{"rendered":"Pehme maasika j\u00e4\u00e4tis 1,5kg"},"content":{"rendered":"<p>PEHME MAASIKA J\u00c4\u00c4TIS<\/p>\n<p><strong>V\u00d5IB SISALDADA V\u00c4HESEL SOJA.<\/strong><\/p>\n<p>*Gluteenivaba<\/p>\n<p>&nbsp;<\/p>\n<p><span style=\"color: #000000;\">DOSEERIMINE:<\/span><\/p>\n<p>0,9 KG + 3 l piima<\/p>","protected":false},"excerpt":{"rendered":"<h4>Kogus pakis 1,5 KG<\/h4>\n<p>PEHME MAASIKA J\u00c4\u00c4TIS<\/p>\n<p>*Gluteenivaba<\/p>","protected":false},"featured_media":110,"comment_status":"closed","ping_status":"closed","template":"","meta":{"_et_pb_use_builder":"","_et_pb_old_content":"","_et_gb_content_width":""},"product_brand":[66],"product_cat":[47,41,17],"product_tag":[27,18,19,21],"class_list":{"0":"post-104","1":"product","2":"type-product","3":"status-publish","4":"has-post-thumbnail","6":"product_brand-rubicone","7":"product_cat-gluteenivaba","8":"product_cat-klassika","9":"product_cat-pehmejaatis","10":"product_tag-gluteenivaba","11":"product_tag-jaatisepulbrid","12":"product_tag-jaatisesegud","13":"product_tag-pehme-jaatisesegud","15":"first","16":"instock","17":"featured","18":"taxable","19":"shipping-taxable","20":"purchasable","21":"product-type-simple"},"jetpack_sharing_enabled":true,"_links":{"self":[{"href":"https:\/\/pidubullerbys.ee\/en\/wp-json\/wp\/v2\/product\/104","targetHints":{"allow":["GET"]}}],"collection":[{"href":"https:\/\/pidubullerbys.ee\/en\/wp-json\/wp\/v2\/product"}],"about":[{"href":"https:\/\/pidubullerbys.ee\/en\/wp-json\/wp\/v2\/types\/product"}],"replies":[{"embeddable":true,"href":"https:\/\/pidubullerbys.ee\/en\/wp-json\/wp\/v2\/comments?post=104"}],"wp:featuredmedia":[{"embeddable":true,"href":"https:\/\/pidubullerbys.ee\/en\/wp-json\/wp\/v2\/media\/110"}],"wp:attachment":[{"href":"https:\/\/pidubullerbys.ee\/en\/wp-json\/wp\/v2\/media?parent=104"}],"wp:term":[{"taxonomy":"product_brand","embeddable":true,"href":"https:\/\/pidubullerbys.ee\/en\/wp-json\/wp\/v2\/product_brand?post=104"},{"taxonomy":"product_cat","embeddable":true,"href":"https:\/\/pidubullerbys.ee\/en\/wp-json\/wp\/v2\/product_cat?post=104"},{"taxonomy":"product_tag","embeddable":true,"href":"https:\/\/pidubullerbys.ee\/en\/wp-json\/wp\/v2\/product_tag?post=104"}],"curies":[{"name":"wp","href":"https:\/\/api.w.org\/{rel}","templated":true}]}}