{"id":103,"date":"2025-06-05T18:02:38","date_gmt":"2025-06-05T18:02:38","guid":{"rendered":"https:\/\/pidubullerbys.ee\/?post_type=product&#038;p=103"},"modified":"2025-10-30T10:17:36","modified_gmt":"2025-10-30T10:17:36","slug":"pehme-rohelise-ouna-sorbett-125kg","status":"publish","type":"product","link":"https:\/\/pidubullerbys.ee\/en\/pehme-rohelise-ouna-sorbett-125kg\/","title":{"rendered":"Pehme rohelise \u00f5una sorbett 1,25kg &#8211; 12.2024"},"content":{"rendered":"<p>PEHME ROHELISE \u00d5UNA SORBETT<\/p>\n<p><strong>V\u00d5IB SISALDADA V\u00c4HESEL M\u00c4\u00c4RAL PIIMA, SOJA.<\/strong><\/p>\n<p>*Gluteenivaba<\/p>\n<p>*Laktoosivaba<\/p>\n<p>*Vegan<\/p>\n<p><span style=\"color: #000000;\">DOSEERIMINE:<\/span><\/p>\n<p>1 KG + 2,7 l vett<\/p>","protected":false},"excerpt":{"rendered":"<h4>Kogus pakis 1,25 KG<\/h4>\n<p>PEHME ROHELISE \u00d5UNA SORBETT<\/p>\n<p>*Gluteenivaba<\/p>\n<p>*Laktoosivaba<\/p>\n<p>*Vegan<\/p>\n<p>&nbsp;<\/p>\n<p><img loading=\"lazy\" decoding=\"async\" class=\"size-full wp-image-5775 alignleft\" src=\"https:\/\/pidubullerbys.ee\/wp-content\/uploads\/2020\/12\/100.jpg\" alt=\"\" width=\"100\" height=\"100\" \/> <img loading=\"lazy\" decoding=\"async\" class=\"size-full wp-image-5777 alignleft\" src=\"https:\/\/pidubullerbys.ee\/wp-content\/uploads\/2020\/12\/100-2.jpg\" alt=\"\" width=\"100\" height=\"100\" \/> <img loading=\"lazy\" decoding=\"async\" class=\"size-full wp-image-5778 alignleft\" src=\"https:\/\/pidubullerbys.ee\/wp-content\/uploads\/2020\/12\/100-3.jpg\" alt=\"\" width=\"100\" height=\"100\" \/> <img loading=\"lazy\" decoding=\"async\" class=\"size-full wp-image-5776 alignleft\" src=\"https:\/\/pidubullerbys.ee\/wp-content\/uploads\/2020\/12\/100-1.jpg\" alt=\"\" width=\"100\" height=\"100\" \/><img loading=\"lazy\" decoding=\"async\" class=\"size-full wp-image-5779 alignleft\" src=\"https:\/\/pidubullerbys.ee\/wp-content\/uploads\/2020\/12\/100-4.jpg\" alt=\"\" width=\"241\" height=\"100\" \/><\/p>\n<p>&nbsp;<\/p>\n<p>&nbsp;<\/p>\n<p>&nbsp;<\/p>\n<p>&nbsp;<\/p>\n<p>&nbsp;<\/p>","protected":false},"featured_media":164,"comment_status":"closed","ping_status":"closed","template":"","meta":{"_et_pb_use_builder":"","_et_pb_old_content":"","_et_gb_content_width":""},"product_brand":[],"product_cat":[47,17,43,44],"product_tag":[18,19,21],"class_list":{"0":"post-103","1":"product","2":"type-product","3":"status-publish","4":"has-post-thumbnail","6":"product_cat-gluteenivaba","7":"product_cat-pehmejaatis","8":"product_cat-laktoosivaba","9":"product_cat-sorbetid","10":"product_tag-jaatisepulbrid","11":"product_tag-jaatisesegud","12":"product_tag-pehme-jaatisesegud","14":"first","15":"outofstock","16":"sale","17":"featured","18":"taxable","19":"shipping-taxable","20":"purchasable","21":"product-type-simple"},"jetpack_sharing_enabled":true,"_links":{"self":[{"href":"https:\/\/pidubullerbys.ee\/en\/wp-json\/wp\/v2\/product\/103","targetHints":{"allow":["GET"]}}],"collection":[{"href":"https:\/\/pidubullerbys.ee\/en\/wp-json\/wp\/v2\/product"}],"about":[{"href":"https:\/\/pidubullerbys.ee\/en\/wp-json\/wp\/v2\/types\/product"}],"replies":[{"embeddable":true,"href":"https:\/\/pidubullerbys.ee\/en\/wp-json\/wp\/v2\/comments?post=103"}],"wp:featuredmedia":[{"embeddable":true,"href":"https:\/\/pidubullerbys.ee\/en\/wp-json\/wp\/v2\/media\/164"}],"wp:attachment":[{"href":"https:\/\/pidubullerbys.ee\/en\/wp-json\/wp\/v2\/media?parent=103"}],"wp:term":[{"taxonomy":"product_brand","embeddable":true,"href":"https:\/\/pidubullerbys.ee\/en\/wp-json\/wp\/v2\/product_brand?post=103"},{"taxonomy":"product_cat","embeddable":true,"href":"https:\/\/pidubullerbys.ee\/en\/wp-json\/wp\/v2\/product_cat?post=103"},{"taxonomy":"product_tag","embeddable":true,"href":"https:\/\/pidubullerbys.ee\/en\/wp-json\/wp\/v2\/product_tag?post=103"}],"curies":[{"name":"wp","href":"https:\/\/api.w.org\/{rel}","templated":true}]}}