{"id":420,"date":"2025-06-13T14:08:45","date_gmt":"2025-06-13T14:08:45","guid":{"rendered":"https:\/\/pidubullerbys.ee\/?page_id=420"},"modified":"2025-06-13T14:35:53","modified_gmt":"2025-06-13T14:35:53","slug":"jaatisesegude-doseerimine","status":"publish","type":"page","link":"https:\/\/pidubullerbys.ee\/en\/jaatisesegude-doseerimine\/","title":{"rendered":"Dosing ice cream mixes"},"content":{"rendered":"<p>[et_pb_section fb_built=&#8221;1&#8243; admin_label=&#8221;Page Title&#8221; _builder_version=&#8221;4.27.4&#8243; background_color=&#8221;#ffc62b&#8221; saved_tabs=&#8221;all&#8221; locked=&#8221;off&#8221; global_colors_info=&#8221;{}&#8221;][et_pb_row _builder_version=&#8221;4.16&#8243; custom_margin=&#8221;-62px|auto||auto||&#8221; custom_padding=&#8221;58px||0px|||&#8221; global_colors_info=&#8221;{}&#8221;][et_pb_column type=&#8221;4_4&#8243; _builder_version=&#8221;4.16&#8243; global_colors_info=&#8221;{}&#8221;][et_pb_text _builder_version=&#8221;4.27.4&#8243; text_font=&#8221;||||||||&#8221; text_font_size=&#8221;16px&#8221; text_line_height=&#8221;1.8em&#8221; header_font=&#8221;Pacifico||||||||&#8221; header_font_size=&#8221;60px&#8221; header_line_height=&#8221;1.5em&#8221; text_orientation=&#8221;center&#8221; background_layout=&#8221;dark&#8221; max_width=&#8221;800px&#8221; module_alignment=&#8221;center&#8221; custom_margin=&#8221;|||&#8221; custom_padding=&#8221;||0px|||&#8221; header_font_size_tablet=&#8221;&#8221; header_font_size_phone=&#8221;36px&#8221; header_font_size_last_edited=&#8221;on|desktop&#8221; text_text_align=&#8221;center&#8221; locked=&#8221;off&#8221; global_colors_info=&#8221;{}&#8221;]<\/p>\n<h1>Dosing ice cream mixes<\/h1>\n<p>[\/et_pb_text][\/et_pb_column][\/et_pb_row][\/et_pb_section][et_pb_section fb_built=&#8221;1&#8243; prev_background_color=&#8221;#ffc62b&#8221; next_background_color=&#8221;#ffffff&#8221; admin_label=&#8221;Product List&#8221; _builder_version=&#8221;4.27.4&#8243; background_color=&#8221;rgba(255,234,217,0.92)&#8221; use_background_color_gradient=&#8221;on&#8221; background_color_gradient_stops=&#8221;#ffead9 0%|#ffffff 100%&#8221; background_color_gradient_start=&#8221;#ffead9&#8243; background_color_gradient_end=&#8221;#ffffff&#8221; custom_padding=&#8221;21px||42px|||&#8221; top_divider_style=&#8221;none&#8221; bottom_divider_style=&#8221;none&#8221; global_colors_info=&#8221;{}&#8221; min_height=&#8221;1251.6px&#8221;][et_pb_row column_structure=&#8221;2_3,1_3&#8243; _builder_version=&#8221;4.27.4&#8243; _module_preset=&#8221;default&#8221; global_colors_info=&#8221;{}&#8221;][et_pb_column type=&#8221;2_3&#8243; _builder_version=&#8221;4.27.4&#8243; _module_preset=&#8221;default&#8221; display_conditions=&#8221;W10=&#8221; global_colors_info=&#8221;{}&#8221;][et_pb_text _builder_version=&#8221;4.27.4&#8243; _module_preset=&#8221;default&#8221; text_font=&#8221;&#8211;et_global_body_font||||||||&#8221; text_font_size=&#8221;16px&#8221; link_font=&#8221;|700|||||||&#8221; link_text_color=&#8221;rgba(1,10,2,0.45)&#8221; link_font_size=&#8221;18px&#8221; link_letter_spacing=&#8221;1px&#8221; link_line_height=&#8221;1.8em&#8221; header_2_font=&#8221;Pacifico||||||||&#8221; header_2_font_size=&#8221;31px&#8221; background_color=&#8221;#FFFFFF&#8221; custom_padding=&#8221;50px|55px|50px|55px|false|false&#8221; border_radii=&#8221;on|35px|35px|35px|35px&#8221; box_shadow_style=&#8221;preset1&#8243; global_colors_info=&#8221;{}&#8221;]<\/p>\n<h2 class=\"heading-title-bold\">Kuidas segada kokku Rubicone j\u00e4\u00e4tisesegusid?<\/h2>\n<p>&nbsp;<\/p>\n<table border=\"1\" style=\"border-collapse: collapse; width: 100%; height: 649px;\">\n<tbody>\n<tr style=\"height: 25px;\">\n<td style=\"width: 50%; height: 25px; text-align: center;\"><strong>Nimetus<\/strong><\/td>\n<td style=\"width: 25%; height: 25px; text-align: center;\"><strong>Segu kogus<\/strong><\/td>\n<td style=\"width: 25%; height: 25px; text-align: center;\"><strong>Lisand<\/strong><\/td>\n<\/tr>\n<tr style=\"height: 24px;\">\n<td style=\"width: 50%; height: 24px;\">Pehme vanilje<\/td>\n<td style=\"width: 25%; height: 24px; text-align: center;\">1 kg<\/td>\n<td style=\"width: 25%; height: 24px; text-align: center;\">2,5 L vett<\/td>\n<\/tr>\n<tr style=\"height: 24px;\">\n<td style=\"width: 50%; height: 24px;\">Pehme vanilje vegan<\/td>\n<td style=\"width: 25%; height: 24px; text-align: center;\">1 kg<\/td>\n<td style=\"width: 25%; height: 24px; text-align: center;\">2,5 L vett<\/td>\n<\/tr>\n<tr style=\"height: 24px;\">\n<td style=\"width: 50%; height: 24px;\">Frozen jogurt vegan<\/td>\n<td style=\"width: 25%; height: 24px; text-align: center;\">1 kg<\/td>\n<td style=\"width: 25%; height: 24px; text-align: center;\">2,5 L vett<\/td>\n<\/tr>\n<tr style=\"height: 24px;\">\n<td style=\"width: 50%; height: 24px;\">Pehme \u0161okolaad<\/td>\n<td style=\"width: 25%; height: 24px; text-align: center;\">1 kg<\/td>\n<td style=\"width: 25%; height: 24px; text-align: center;\">2,5 L vett<\/td>\n<\/tr>\n<tr style=\"height: 24px;\">\n<td style=\"width: 50%; height: 24px;\">Pehme n\u00e4tsukomm sinine<\/td>\n<td style=\"width: 25%; height: 24px; text-align: center;\">1 kg<\/td>\n<td style=\"width: 25%; height: 24px; text-align: center;\">2,7 L vett<\/td>\n<\/tr>\n<tr style=\"height: 24px;\">\n<td style=\"width: 50%; height: 24px;\">Pehme n\u00e4tsukomm roosa<\/td>\n<td style=\"width: 25%; height: 24px; text-align: center;\">1 kg<\/td>\n<td style=\"width: 25% height: 24px; text-align: center;\"><strong>2,8 L piima<\/strong><\/td>\n<\/tr>\n<tr style=\"height: 24px;\">\n<td style=\"width: 50%; height: 24px;\">Pehme maasika j\u00e4\u00e4tis<\/td>\n<td style=\"width: 25%; height: 24px; text-align: center;\">0,9 kg<\/td>\n<td style=\"width: 25%; height: 24px; text-align: center;\"><strong>3,0 L piima<\/strong><\/td>\n<\/tr>\n<tr style=\"height: 24px;\">\n<td style=\"width: 50%; height: 24px;\">Pehme soolakaramell<\/td>\n<td style=\"width: 25%; height: 24px; text-align: center;\">1 kg<\/td>\n<td style=\"width: 25%; height: 24px; text-align: center;\">2,7 L vett<\/td>\n<\/tr>\n<tr style=\"height: 24px;\">\n<td style=\"width: 50%; height: 24px;\">Pehme must Hawaii vegan<\/td>\n<td style=\"width: 25%; height: 24px; text-align: center;\">1 kg<\/td>\n<td style=\"width: 25%; height: 24px; text-align: center;\">2,5 L vett<\/td>\n<\/tr>\n<tr style=\"height: 24px;\">\n<td style=\"width: 50%; height: 24px;\">Pehme pistaatsia<\/td>\n<td style=\"width: 25%; height: 24px; text-align: center;\">1,2 kg<\/td>\n<td style=\"width: 25%; height: 24px; text-align: center;\">2,2 L vett<\/td>\n<\/tr>\n<tr style=\"height: 24px;\">\n<td style=\"width: 50%; height: 24px;\">Pehme banaani-toffe<\/td>\n<td style=\"width: 25%; height: 24px; text-align: center;\">1,2 kg<\/td>\n<td style=\"width: 25%; height: 24px; text-align: center;\">2,5 L vett<\/td>\n<\/tr>\n<tr style=\"height: 48px;\">\n<td style=\"width: 50%; height: 48px;\">Pehme \u0161okolaadit\u00fckkidega rummi-\u0161okolaadi<\/td>\n<td style=\"width: 25%; height: 48px; text-align: center;\">1,2 kg<\/td>\n<td style=\"width: 25%; height: 48px; text-align: center;\">2,2 L vett<\/td>\n<\/tr>\n<tr style=\"height: 24px;\">\n<td style=\"width: 50%; height: 24px;\">Pehme kohvi-\u0161okolaadi<\/td>\n<td style=\"width: 25%; height: 24px; text-align: center;\">1,3 kg<\/td>\n<td style=\"width: 25%; height: 24px; text-align: center;\"><strong>2,4 L kuuma vett<\/strong><\/td>\n<\/tr>\n<tr style=\"height: 24px;\">\n<td style=\"width: 50%; height: 24px;\">Pehme piparm\u00fcndi<\/td>\n<td style=\"width: 25%; height: 24px; text-align: center;\">1 kg<\/td>\n<td style=\"width: 25%; height: 24px; text-align: center;\">2,5 L vett<\/td>\n<\/tr>\n<tr style=\"height: 24px;\">\n<td style=\"width: 50%; height: 24px;\">Pehme arbuusi<\/td>\n<td style=\"width: 25%; height: 24px; text-align: center;\">1 kg<\/td>\n<td style=\"width: 25%; height: 24px; text-align: center;\">2,7 L vett<\/td>\n<\/tr>\n<tr style=\"height: 24px;\">\n<td style=\"width: 50%; height: 24px;\">Pehme metsamarja (NSA)<\/td>\n<td style=\"width: 25%; height: 24px; text-align: center;\">1 kg<\/td>\n<td style=\"width: 25%; height: 24px; text-align: center;\">2,7 L vett<\/td>\n<\/tr>\n<tr style=\"height: 24px;\">\n<td style=\"width: 50%; height: 24px;\">Pehme maasika sorbett<\/td>\n<td style=\"width: 25%; height: 24px; text-align: center;\">1 kg<\/td>\n<td style=\"width: 25%; height: 24px; text-align: center;\">2,7 L vett<\/td>\n<\/tr>\n<tr style=\"height: 24px;\">\n<td style=\"width: 50%; height: 24px;\">Pehme vaarika sorbett<\/td>\n<td style=\"width: 25%; height: 24px; text-align: center;\">1 kg<\/td>\n<td style=\"width: 25%; height: 24px; text-align: center;\">2,7 L vett<\/td>\n<\/tr>\n<tr style=\"height: 24px;\">\n<td style=\"width: 50%; height: 24px;\">Pehme mango sorbett<\/td>\n<td style=\"width: 25%; height: 24px; text-align: center;\">1 kg<\/td>\n<td style=\"width: 25%; height: 24px; text-align: center;\">2,7 L vett<\/td>\n<\/tr>\n<tr style=\"height: 24px;\">\n<td style=\"width: 50%; height: 24px;\">Pehme apelsini sorbett<\/td>\n<td style=\"width: 25%; height: 24px; text-align: center;\">1 kg<\/td>\n<td style=\"width: 25%; height: 24px; text-align: center;\">2,7 L vett<\/td>\n<\/tr>\n<tr style=\"height: 24px;\">\n<td style=\"width: 50%; height: 24px;\">Pehme rohelise \u00f5una sorbett<\/td>\n<td style=\"width: 25%; height: 24px; text-align: center;\">1 kg<\/td>\n<td style=\"width: 25%; height: 24px; text-align: center;\">2,7 L vett<\/td>\n<\/tr>\n<\/tbody>\n<\/table>\n<p>[\/et_pb_text][\/et_pb_column][et_pb_column type=&#8221;1_3&#8243; _builder_version=&#8221;4.27.4&#8243; _module_preset=&#8221;default&#8221; display_conditions=&#8221;W10=&#8221; global_colors_info=&#8221;{}&#8221;][et_pb_image src=&#8221;https:\/\/pidubullerbys.ee\/wp-content\/uploads\/2025\/06\/Mixing_Pidubullerbys-e1749823238143.jpg&#8221; title_text=&#8221;Mixing_Pidubullerbys&#8221; _builder_version=&#8221;4.27.4&#8243; _module_preset=&#8221;default&#8221; max_width=&#8221;93%&#8221; border_radii=&#8221;on|35px|35px|35px|35px&#8221; global_colors_info=&#8221;{}&#8221;][\/et_pb_image][\/et_pb_column][\/et_pb_row][\/et_pb_section][et_pb_section fb_built=&#8221;1&#8243; admin_label=&#8221;Footer&#8221; _builder_version=&#8221;4.27.4&#8243; background_color=&#8221;#edf1ff&#8221; min_height=&#8221;747.7px&#8221; custom_padding=&#8221;0px||0px|||&#8221; top_divider_arrangement=&#8221;above_content&#8221; top_divider_height_phone=&#8221;3vw&#8221; top_divider_repeat_phone=&#8221;7x&#8221; bottom_divider_style=&#8221;waves&#8221; bottom_divider_color=&#8221;#FFFFFF&#8221; bottom_divider_height=&#8221;13vw&#8221; bottom_divider_repeat=&#8221;1x&#8221; bottom_divider_arrangement=&#8221;above_content&#8221; bottom_divider_height_tablet=&#8221;10vw&#8221; bottom_divider_repeat_tablet=&#8221;1x&#8221; hover_enabled=&#8221;0&#8243; saved_tabs=&#8221;all&#8221; locked=&#8221;off&#8221; global_colors_info=&#8221;{}&#8221; top_divider_color=&#8221;#FFFFFF&#8221; sticky_enabled=&#8221;0&#8243; custom_margin=&#8221;||-101px|||&#8221;][et_pb_row column_structure=&#8221;1_2,1_2&#8243; _builder_version=&#8221;4.16&#8243; min_height=&#8221;768.7px&#8221; custom_margin=&#8221;-18px|auto|-38px|auto||&#8221; custom_padding=&#8221;0px|||||&#8221; global_colors_info=&#8221;{}&#8221;][et_pb_column type=&#8221;1_2&#8243; _builder_version=&#8221;4.16&#8243; global_colors_info=&#8221;{}&#8221;][et_pb_image src=&#8221;https:\/\/pidubullerbys.ee\/wp-content\/uploads\/2025\/06\/roosa-pall.jpg&#8221; title_text=&#8221;roosa pall&#8221; show_bottom_space=&#8221;off&#8221; _builder_version=&#8221;4.27.4&#8243; custom_margin=&#8221;|||-20vw&#8221; custom_margin_tablet=&#8221;|||0vw&#8221; custom_margin_phone=&#8221;&#8221; custom_margin_last_edited=&#8221;on|desktop&#8221; custom_padding=&#8221;|25px||||&#8221; global_colors_info=&#8221;{}&#8221; width=&#8221;166.4%&#8221;][\/et_pb_image][\/et_pb_column][et_pb_column type=&#8221;1_2&#8243; _builder_version=&#8221;4.16&#8243; custom_padding=&#8221;100px||10vw&#8221; custom_padding_tablet=&#8221;0px||&#8221; custom_padding_phone=&#8221;&#8221; custom_padding_last_edited=&#8221;on|desktop&#8221; global_colors_info=&#8221;{}&#8221;][et_pb_text _builder_version=&#8221;4.27.4&#8243; text_font=&#8221;||||||||&#8221; header_2_font=&#8221;Pacifico||||||||&#8221; header_2_font_size=&#8221;44px&#8221; header_2_line_height=&#8221;1.5em&#8221; text_orientation=&#8221;center&#8221; min_height=&#8221;38px&#8221; header_2_font_size_tablet=&#8221;&#8221; header_2_font_size_phone=&#8221;30px&#8221; header_2_font_size_last_edited=&#8221;on|desktop&#8221; locked=&#8221;off&#8221; global_colors_info=&#8221;{}&#8221; custom_padding=&#8221;0px|||||&#8221; custom_margin=&#8221;1px|||||&#8221;]<\/p>\n<h2>Contact us<\/h2>\n<p>[\/et_pb_text][et_pb_contact_form email=&#8221;info@pidubullerbys.ee&#8221; custom_message=&#8221;Nimi: %%Nimi%%||et_pb_line_break_holder||E-mail: %%Email%%||et_pb_line_break_holder||Telefon: %%Phone%%||et_pb_line_break_holder||S\u00f5num: %%Message%%&#8221; success_message=&#8221;T\u00e4name! Teie kiri on meie poole teel. Vastame Teile esimesel v\u00f5imalusel!&#8221; submit_button_text=&#8221;Saada kiri&#8221; _builder_version=&#8221;4.27.4&#8243; form_field_background_color=&#8221;#ffffff&#8221; form_field_custom_margin=&#8221;||20px&#8221; title_font=&#8221;Pacifico||||||||&#8221; title_font_size=&#8221;48px&#8221; title_line_height=&#8221;1.5em&#8221; form_field_font=&#8221;||||||||&#8221; form_field_font_size=&#8221;16px&#8221; form_field_line_height=&#8221;1.8em&#8221; custom_button=&#8221;on&#8221; button_text_size=&#8221;14px&#8221; button_text_color=&#8221;#ffffff&#8221; button_bg_color=&#8221;#2e298e&#8221; button_border_color=&#8221;rgba(0,0,0,0)&#8221; button_border_radius=&#8221;50px&#8221; button_letter_spacing=&#8221;2px&#8221; button_font=&#8221;|700||on|||||&#8221; button_icon=&#8221;&#x24;||divi||400&#8243; button_custom_padding=&#8221;15px|40px|15px|40px|true|true&#8221; custom_margin=&#8221;-19px|||||&#8221; title_font_size_tablet=&#8221;&#8221; title_font_size_phone=&#8221;30px&#8221; title_font_size_last_edited=&#8221;on|phone&#8221; global_colors_info=&#8221;{}&#8221;][et_pb_contact_field field_id=&#8221;Nimi&#8221; field_title=&#8221;Nimi&#8221; fullwidth_field=&#8221;on&#8221; _builder_version=&#8221;4.27.4&#8243; global_colors_info=&#8221;{}&#8221; button_text_size__hover_enabled=&#8221;off&#8221; button_one_text_size__hover_enabled=&#8221;off&#8221; button_two_text_size__hover_enabled=&#8221;off&#8221; button_text_color__hover_enabled=&#8221;off&#8221; button_one_text_color__hover_enabled=&#8221;off&#8221; button_two_text_color__hover_enabled=&#8221;off&#8221; button_border_width__hover_enabled=&#8221;off&#8221; button_one_border_width__hover_enabled=&#8221;off&#8221; button_two_border_width__hover_enabled=&#8221;off&#8221; button_border_color__hover_enabled=&#8221;off&#8221; button_one_border_color__hover_enabled=&#8221;off&#8221; button_two_border_color__hover_enabled=&#8221;off&#8221; button_border_radius__hover_enabled=&#8221;off&#8221; button_one_border_radius__hover_enabled=&#8221;off&#8221; button_two_border_radius__hover_enabled=&#8221;off&#8221; button_letter_spacing__hover_enabled=&#8221;off&#8221; button_one_letter_spacing__hover_enabled=&#8221;off&#8221; button_two_letter_spacing__hover_enabled=&#8221;off&#8221; button_bg_color__hover_enabled=&#8221;off&#8221; button_one_bg_color__hover_enabled=&#8221;off&#8221; button_two_bg_color__hover_enabled=&#8221;off&#8221;][\/et_pb_contact_field][et_pb_contact_field field_id=&#8221;Email&#8221; field_title=&#8221;E-mail&#8221; field_type=&#8221;email&#8221; fullwidth_field=&#8221;on&#8221; _builder_version=&#8221;4.27.4&#8243; global_colors_info=&#8221;{}&#8221; button_text_size__hover_enabled=&#8221;off&#8221; button_one_text_size__hover_enabled=&#8221;off&#8221; button_two_text_size__hover_enabled=&#8221;off&#8221; button_text_color__hover_enabled=&#8221;off&#8221; button_one_text_color__hover_enabled=&#8221;off&#8221; button_two_text_color__hover_enabled=&#8221;off&#8221; button_border_width__hover_enabled=&#8221;off&#8221; button_one_border_width__hover_enabled=&#8221;off&#8221; button_two_border_width__hover_enabled=&#8221;off&#8221; button_border_color__hover_enabled=&#8221;off&#8221; button_one_border_color__hover_enabled=&#8221;off&#8221; button_two_border_color__hover_enabled=&#8221;off&#8221; button_border_radius__hover_enabled=&#8221;off&#8221; button_one_border_radius__hover_enabled=&#8221;off&#8221; button_two_border_radius__hover_enabled=&#8221;off&#8221; button_letter_spacing__hover_enabled=&#8221;off&#8221; button_one_letter_spacing__hover_enabled=&#8221;off&#8221; button_two_letter_spacing__hover_enabled=&#8221;off&#8221; button_bg_color__hover_enabled=&#8221;off&#8221; button_one_bg_color__hover_enabled=&#8221;off&#8221; button_two_bg_color__hover_enabled=&#8221;off&#8221;][\/et_pb_contact_field][et_pb_contact_field field_id=&#8221;Phone&#8221; field_title=&#8221;Telefon&#8221; fullwidth_field=&#8221;on&#8221; _builder_version=&#8221;4.27.4&#8243; global_colors_info=&#8221;{}&#8221; button_text_size__hover_enabled=&#8221;off&#8221; button_one_text_size__hover_enabled=&#8221;off&#8221; button_two_text_size__hover_enabled=&#8221;off&#8221; button_text_color__hover_enabled=&#8221;off&#8221; button_one_text_color__hover_enabled=&#8221;off&#8221; button_two_text_color__hover_enabled=&#8221;off&#8221; button_border_width__hover_enabled=&#8221;off&#8221; button_one_border_width__hover_enabled=&#8221;off&#8221; button_two_border_width__hover_enabled=&#8221;off&#8221; button_border_color__hover_enabled=&#8221;off&#8221; button_one_border_color__hover_enabled=&#8221;off&#8221; button_two_border_color__hover_enabled=&#8221;off&#8221; button_border_radius__hover_enabled=&#8221;off&#8221; button_one_border_radius__hover_enabled=&#8221;off&#8221; button_two_border_radius__hover_enabled=&#8221;off&#8221; button_letter_spacing__hover_enabled=&#8221;off&#8221; button_one_letter_spacing__hover_enabled=&#8221;off&#8221; button_two_letter_spacing__hover_enabled=&#8221;off&#8221; button_bg_color__hover_enabled=&#8221;off&#8221; button_one_bg_color__hover_enabled=&#8221;off&#8221; button_two_bg_color__hover_enabled=&#8221;off&#8221;][\/et_pb_contact_field][et_pb_contact_field field_id=&#8221;Message&#8221; field_title=&#8221;S\u00f5num&#8221; field_type=&#8221;text&#8221; fullwidth_field=&#8221;on&#8221; _builder_version=&#8221;4.27.4&#8243; global_colors_info=&#8221;{}&#8221; button_text_size__hover_enabled=&#8221;off&#8221; button_one_text_size__hover_enabled=&#8221;off&#8221; button_two_text_size__hover_enabled=&#8221;off&#8221; button_text_color__hover_enabled=&#8221;off&#8221; button_one_text_color__hover_enabled=&#8221;off&#8221; button_two_text_color__hover_enabled=&#8221;off&#8221; button_border_width__hover_enabled=&#8221;off&#8221; button_one_border_width__hover_enabled=&#8221;off&#8221; button_two_border_width__hover_enabled=&#8221;off&#8221; button_border_color__hover_enabled=&#8221;off&#8221; button_one_border_color__hover_enabled=&#8221;off&#8221; button_two_border_color__hover_enabled=&#8221;off&#8221; button_border_radius__hover_enabled=&#8221;off&#8221; button_one_border_radius__hover_enabled=&#8221;off&#8221; button_two_border_radius__hover_enabled=&#8221;off&#8221; button_letter_spacing__hover_enabled=&#8221;off&#8221; button_one_letter_spacing__hover_enabled=&#8221;off&#8221; button_two_letter_spacing__hover_enabled=&#8221;off&#8221; button_bg_color__hover_enabled=&#8221;off&#8221; button_one_bg_color__hover_enabled=&#8221;off&#8221; button_two_bg_color__hover_enabled=&#8221;off&#8221;][\/et_pb_contact_field][\/et_pb_contact_form][et_pb_social_media_follow _builder_version=&#8221;4.27.4&#8243; text_orientation=&#8221;center&#8221; custom_margin=&#8221;22px|||||&#8221; border_radii=&#8221;on|50px|50px|50px|50px&#8221; border_width_all=&#8221;10px&#8221; border_color_all=&#8221;rgba(0,0,0,0)&#8221; global_colors_info=&#8221;{}&#8221; min_height=&#8221;88.9px&#8221;][et_pb_social_media_follow_network social_network=&#8221;facebook&#8221; url=&#8221;http:\/\/www.facebook.com\/pidubullerbys&#8221; _builder_version=&#8221;4.27.4&#8243; background_color=&#8221;#b7d1ff&#8221; global_colors_info=&#8221;{}&#8221; follow_button=&#8221;off&#8221; url_new_window=&#8221;on&#8221;]facebook[\/et_pb_social_media_follow_network][et_pb_social_media_follow_network social_network=&#8221;instagram&#8221; url=&#8221;http:\/\/www.instagram.com\/pidubullerbys&#8221; _builder_version=&#8221;4.27.4&#8243; background_color=&#8221;#ea2c59&#8243; global_colors_info=&#8221;{}&#8221; follow_button=&#8221;off&#8221; url_new_window=&#8221;on&#8221;]instagram[\/et_pb_social_media_follow_network][\/et_pb_social_media_follow][\/et_pb_column][\/et_pb_row][\/et_pb_section]<\/p>","protected":false},"excerpt":{"rendered":"<p>J\u00e4\u00e4tisesegude doseerimineKuidas segada kokku Rubicone j\u00e4\u00e4tisesegusid? &nbsp; Nimetus Segu kogus Lisand Pehme vanilje 1 kg 2,5 L vett Pehme vanilje vegan 1 kg 2,5 L vett Frozen jogurt vegan 1 kg 2,5 L vett Pehme \u0161okolaad 1 kg 2,5 L vett Pehme n\u00e4tsukomm sinine 1 kg 2,7 L vett Pehme n\u00e4tsukomm roosa 1 kg 2,8 [&hellip;]<\/p>","protected":false},"author":1,"featured_media":0,"parent":0,"menu_order":0,"comment_status":"closed","ping_status":"closed","template":"","meta":{"_et_pb_use_builder":"on","_et_pb_old_content":"","_et_gb_content_width":"","footnotes":""},"class_list":["post-420","page","type-page","status-publish","hentry"],"jetpack_sharing_enabled":true,"_links":{"self":[{"href":"https:\/\/pidubullerbys.ee\/en\/wp-json\/wp\/v2\/pages\/420","targetHints":{"allow":["GET"]}}],"collection":[{"href":"https:\/\/pidubullerbys.ee\/en\/wp-json\/wp\/v2\/pages"}],"about":[{"href":"https:\/\/pidubullerbys.ee\/en\/wp-json\/wp\/v2\/types\/page"}],"author":[{"embeddable":true,"href":"https:\/\/pidubullerbys.ee\/en\/wp-json\/wp\/v2\/users\/1"}],"replies":[{"embeddable":true,"href":"https:\/\/pidubullerbys.ee\/en\/wp-json\/wp\/v2\/comments?post=420"}],"version-history":[{"count":7,"href":"https:\/\/pidubullerbys.ee\/en\/wp-json\/wp\/v2\/pages\/420\/revisions"}],"predecessor-version":[{"id":433,"href":"https:\/\/pidubullerbys.ee\/en\/wp-json\/wp\/v2\/pages\/420\/revisions\/433"}],"wp:attachment":[{"href":"https:\/\/pidubullerbys.ee\/en\/wp-json\/wp\/v2\/media?parent=420"}],"curies":[{"name":"wp","href":"https:\/\/api.w.org\/{rel}","templated":true}]}}